{"id":8,"date":"2012-01-11T11:36:01","date_gmt":"2012-01-11T11:36:01","guid":{"rendered":"http:\/\/www.sitoesempio.artediretta.it\/?page_id=8"},"modified":"2025-03-30T12:08:42","modified_gmt":"2025-03-30T12:08:42","slug":"biografia","status":"publish","type":"page","link":"https:\/\/catiacannata.it\/?page_id=8","title":{"rendered":"Biografia"},"content":{"rendered":"<p style=\"text-align: justify;\"><!--StartFragment --><!-- doctype:sdocx 1743335672242_CopiedWDoc --><\/p>\n<p style=\"text-align: right;\">Catia Cannata, 1973, Pescara, artista italo-croata<\/p>\n<p>L&#8217;arte ha sempre fatto parte della mia vita, e non \u00e8 un modo di dire, non \u00e8 una semplice iperbole di ci\u00f2 che \u00e8 realmente ma rappresenta una verit\u00e0 imprescindibile. Ho sempre amato creare personaggi, rimodellare la realt\u00e0 trasformandola nel mio mondo onirico, ho sempre amato svelare l&#8217;essenza di ci\u00f2 che si cela dietro a ci\u00f2 che non \u00e8 altro che una maschera caduca e fugace, destinata alla perdizione portata dall&#8217;inevitabile cambiamento e dalla successiva scomparsa. Fin da ragazza provo ammirazione per Oscar Wilde in particolare per <em>Il ritratto di Dorian Gray.<\/em> Ma, nonostante ci\u00f2, ho sempre ripudiato la sua affermazione &#8220;Rivelare l&#8217;arte ma non l&#8217;artista: questo \u00e8 lo scopo dell&#8217;arte&#8221;. C&#8217;\u00e8 una frase che viene spesso utilizzata nel quotidiano tratta dal Vangelo: &#8220;Gli occhi sono lo specchio dell&#8217;anima&#8221;, ma la mia pu\u00f2 essere scrutata anche nelle mie opere. Non ho mai cercato di amalgamarmi, di andare dietro a ci\u00f2 che piace, a ci\u00f2 che come si suol dire &#8220;va di moda&#8221;, forse perch\u00e9 ho sempre pensato che infondo viviamo in una societ\u00e0 di eccessi, di repliche. Viviamo in un mondo capitalista, in cui la qualit\u00e0 non \u00e8 pi\u00f9 data dai materiali, dalla struttura, dal significato intrinseco, ma \u00e8 data dalla quantit\u00e0. In questo clima di futilit\u00e0 la mia arte, il mio lavoro rappresenta la semplicit\u00e0. Ci\u00f2 che metto in mostra sono semplici dettagli a cui ormai non facciamo nemmeno pi\u00f9 caso. Ma quei semplici dettagli, quelle linee cos\u00ec esili e volubili raccolgono dentro di loro la forza del soggetto, la sua identit\u00e0 e la sua unicit\u00e0. Soggetti che possono, in un primo impatto, sembrare banali, racchiudono al loro interno l&#8217;ironia del mondo che ci circonda. Siamo nati per essere unici, inimitabili e cos\u00ec anche i miei dipinti:<\/p>\n<p style=\"text-align: center;\">&#8220;L&#8217;artista \u00e8 il creatore di cose belle&#8221; -Oscar Wilde-<\/p>\n<p style=\"text-align: justify;\"><!--EndFragment --><\/p>\n","protected":false},"excerpt":{"rendered":"<p>Catia Cannata, 1973, Pescara, artista italo-croata L&#8217;arte ha sempre fatto parte della mia vita, e non \u00e8 un modo di dire, non \u00e8 una semplice iperbole di ci\u00f2 che \u00e8 realmente ma rappresenta una verit\u00e0 imprescindibile. Ho sempre amato creare &hellip; <a href=\"https:\/\/catiacannata.it\/?page_id=8\">Continua a leggere<span class=\"meta-nav\">&rarr;<\/span><\/a><\/p>\n","protected":false},"author":1,"featured_media":0,"parent":0,"menu_order":0,"comment_status":"closed","ping_status":"closed","template":"","meta":{"ngg_post_thumbnail":0,"footnotes":""},"categories":[],"tags":[],"class_list":["post-8","page","type-page","status-publish","hentry"],"aioseo_notices":[],"_links":{"self":[{"href":"https:\/\/catiacannata.it\/index.php?rest_route=\/wp\/v2\/pages\/8","targetHints":{"allow":["GET"]}}],"collection":[{"href":"https:\/\/catiacannata.it\/index.php?rest_route=\/wp\/v2\/pages"}],"about":[{"href":"https:\/\/catiacannata.it\/index.php?rest_route=\/wp\/v2\/types\/page"}],"author":[{"embeddable":true,"href":"https:\/\/catiacannata.it\/index.php?rest_route=\/wp\/v2\/users\/1"}],"replies":[{"embeddable":true,"href":"https:\/\/catiacannata.it\/index.php?rest_route=%2Fwp%2Fv2%2Fcomments&post=8"}],"version-history":[{"count":4,"href":"https:\/\/catiacannata.it\/index.php?rest_route=\/wp\/v2\/pages\/8\/revisions"}],"predecessor-version":[{"id":718,"href":"https:\/\/catiacannata.it\/index.php?rest_route=\/wp\/v2\/pages\/8\/revisions\/718"}],"wp:attachment":[{"href":"https:\/\/catiacannata.it\/index.php?rest_route=%2Fwp%2Fv2%2Fmedia&parent=8"}],"wp:term":[{"taxonomy":"category","embeddable":true,"href":"https:\/\/catiacannata.it\/index.php?rest_route=%2Fwp%2Fv2%2Fcategories&post=8"},{"taxonomy":"post_tag","embeddable":true,"href":"https:\/\/catiacannata.it\/index.php?rest_route=%2Fwp%2Fv2%2Ftags&post=8"}],"curies":[{"name":"wp","href":"https:\/\/api.w.org\/{rel}","templated":true}]}}